{"id":97,"date":"2024-06-07T11:35:26","date_gmt":"2024-06-07T11:35:26","guid":{"rendered":"https:\/\/vertebromed.md\/?page_id=97"},"modified":"2024-08-16T07:50:00","modified_gmt":"2024-08-16T07:50:00","slug":"articole-si-noutati","status":"publish","type":"page","link":"https:\/\/vertebromed.md\/ru\/stati-i-novosti\/","title":{"rendered":"\u0421\u0442\u0430\u0442\u044c\u0438 \u0438 \u043d\u043e\u0432\u043e\u0441\u0442\u0438"},"content":{"rendered":"<div data-elementor-type=\"wp-page\" data-elementor-id=\"97\" class=\"elementor elementor-97\">\n\t\t\t\t\t\t<section class=\"wd-negative-gap elementor-section elementor-top-section elementor-element elementor-element-ba244f2 elementor-section-boxed elementor-section-height-default elementor-section-height-default\" data-id=\"ba244f2\" data-element_type=\"section\">\n\t\t\t\t\t\t<div class=\"elementor-container elementor-column-gap-default\">\n\t\t\t\t\t<div class=\"elementor-column elementor-col-100 elementor-top-column elementor-element elementor-element-31497fe\" data-id=\"31497fe\" data-element_type=\"column\">\n\t\t\t<div class=\"elementor-widget-wrap elementor-element-populated\">\n\t\t\t\t\t\t<div class=\"elementor-element elementor-element-bdd6e92 wd-width-100 elementor-widget elementor-widget-wd_blog\" data-id=\"bdd6e92\" data-element_type=\"widget\" data-widget_type=\"wd_blog.default\">\n\t\t\t\t<div class=\"elementor-widget-container\">\n\t\t\t\t\t\t<link rel=\"stylesheet\" id=\"wd-blog-base-css\" href=\"https:\/\/vertebromed.md\/wp-content\/themes\/vertebromed\/css\/parts\/blog-base.min.css?ver=1.0\" type=\"text\/css\" media=\"all\" \/> \t\t\t\t\t\t<link rel=\"stylesheet\" id=\"wd-blog-loop-base-old-css\" href=\"https:\/\/vertebromed.md\/wp-content\/themes\/vertebromed\/css\/parts\/blog-loop-base-old.min.css?ver=1.0\" type=\"text\/css\" media=\"all\" \/> \t\t\t\t\t\t<link rel=\"stylesheet\" id=\"wd-blog-loop-design-mask-css\" href=\"https:\/\/vertebromed.md\/wp-content\/themes\/vertebromed\/css\/parts\/blog-loop-design-mask.min.css?ver=1.0\" type=\"text\/css\" media=\"all\" \/> \t\t\t\t\t\t<link rel=\"stylesheet\" id=\"wd-lazy-loading-css\" href=\"https:\/\/vertebromed.md\/wp-content\/themes\/vertebromed\/css\/parts\/opt-lazy-load.min.css?ver=1.0\" type=\"text\/css\" media=\"all\" \/> \t\t\t\t\t\t\t\t\t\t<div class=\"wd-blog-element\">\n\t\t\t\t\t<div class=\"wd-posts wd-blog-holder wd-masonry wd-grid-f-col\" id=\"69f5cb6f8497d\" data-paged=\"1\" data-atts=\"{&quot;post_type&quot;:&quot;post&quot;,&quot;items_per_page&quot;:12,&quot;include&quot;:null,&quot;taxonomies&quot;:&quot;&quot;,&quot;offset&quot;:&quot;&quot;,&quot;orderby&quot;:&quot;&quot;,&quot;order&quot;:&quot;DESC&quot;,&quot;meta_key&quot;:null,&quot;exclude&quot;:&quot;&quot;,&quot;parts_media&quot;:true,&quot;parts_title&quot;:&quot;1&quot;,&quot;parts_meta&quot;:&quot;&quot;,&quot;parts_text&quot;:&quot;1&quot;,&quot;parts_btn&quot;:&quot;1&quot;,&quot;img_size&quot;:&quot;large&quot;,&quot;blog_design&quot;:&quot;mask&quot;,&quot;blog_carousel_design&quot;:null,&quot;blog_columns&quot;:{&quot;unit&quot;:&quot;px&quot;,&quot;size&quot;:3,&quot;sizes&quot;:[]},&quot;blog_columns_tablet&quot;:{&quot;size&quot;:&quot;&quot;},&quot;blog_columns_mobile&quot;:{&quot;size&quot;:&quot;&quot;},&quot;blog_spacing&quot;:&quot;&quot;,&quot;blog_spacing_tablet&quot;:&quot;&quot;,&quot;blog_spacing_mobile&quot;:&quot;&quot;,&quot;pagination&quot;:&quot;&quot;,&quot;speed&quot;:null,&quot;slides_per_view&quot;:null,&quot;slides_per_view_tablet&quot;:{&quot;size&quot;:&quot;&quot;},&quot;slides_per_view_mobile&quot;:{&quot;size&quot;:&quot;&quot;},&quot;wrap&quot;:null,&quot;autoplay&quot;:null,&quot;hide_pagination_control&quot;:null,&quot;hide_prev_next_buttons&quot;:null,&quot;scroll_per_page&quot;:null,&quot;lazy_loading&quot;:&quot;yes&quot;,&quot;scroll_carousel_init&quot;:null,&quot;ajax_page&quot;:&quot;&quot;,&quot;custom_sizes&quot;:false,&quot;elementor&quot;:true}\" data-source=\"shortcode\" style=\"--wd-col-lg:3;--wd-col-md:3;--wd-col-sm:1;--wd-gap-lg:20px;--wd-gap-sm:10px;\">\n\t\t\t\n\t\t\t\t\t\t\t\t\t\t\t\t\t\t\t\t\t\t\t\n<article id=\"post-123\" class=\"wd-post blog-design-mask blog-post-loop blog-style-bg wd-add-shadow wd-col post-123 post type-post status-publish format-standard has-post-thumbnail hentry category-fara-categorie\">\n\t<div class=\"article-inner\">\n\t\t\t\t\t<header class=\"entry-header\">\n\t\t\t\t\t\t\t\t\t<figure id=\"carousel-659\" class=\"entry-thumbnail\">\n\t\t\t\t\t\t\n\t\t\t\t\t\t\t<div class=\"post-img-wrapp\">\n\t\t\t\t\t\t\t\t<a href=\"https:\/\/vertebromed.md\/ru\/pochemu-massazh-vazhen-dlya-organizma\/\">\n\t\t\t\t\t\t\t\t\t<img fetchpriority=\"high\" decoding=\"async\" width=\"1024\" height=\"682\" src=\"https:\/\/i0.wp.com\/vertebromed.md\/wp-content\/themes\/vertebromed\/images\/lazy.png?resize=1024%2C682&#038;ssl=1\" class=\"attachment-large size-large wd-lazy-load wd-lazy-fade\" alt=\"\" srcset=\"\" sizes=\"(max-width: 1000px) 100vw, 1000px\" data-wood-src=\"https:\/\/i0.wp.com\/vertebromed.md\/wp-content\/uploads\/2024\/06\/39808-min.jpg?fit=1024%2C682&amp;ssl=1\" data-srcset=\"https:\/\/i0.wp.com\/vertebromed.md\/wp-content\/uploads\/2024\/06\/39808-min.jpg?w=2000&amp;ssl=1 2000w, https:\/\/i0.wp.com\/vertebromed.md\/wp-content\/uploads\/2024\/06\/39808-min.jpg?resize=300%2C200&amp;ssl=1 300w, https:\/\/i0.wp.com\/vertebromed.md\/wp-content\/uploads\/2024\/06\/39808-min.jpg?resize=1024%2C682&amp;ssl=1 1024w, https:\/\/i0.wp.com\/vertebromed.md\/wp-content\/uploads\/2024\/06\/39808-min.jpg?resize=768%2C512&amp;ssl=1 768w, https:\/\/i0.wp.com\/vertebromed.md\/wp-content\/uploads\/2024\/06\/39808-min.jpg?resize=1536%2C1024&amp;ssl=1 1536w\" data-recalc-dims=\"1\" \/>\t\t\t\t\t\t\t\t<\/a>\n\t\t\t\t\t\t\t<\/div>\n\t\t\t\t\t\t\t<div class=\"post-image-mask\">\n\t\t\t\t\t\t\t\t<span><\/span>\n\t\t\t\t\t\t\t<\/div>\n\n\t\t\t\t\t\t\n\t\t\t\t\t<\/figure>\n\t\t\t\t\n\t\t\t\t\t\t\t\t\t\t\t\t<div class=\"post-date wd-post-date wd-style-with-bg\">\n\t\t\t\t<span class=\"post-date-day\">\n\t\t\t\t\t07\t\t\t\t<\/span>\n\t\t\t\t<span class=\"post-date-month\">\n\t\t\t\t\t\u0418\u044e\u043d\t\t\t\t<\/span>\n\t\t\t<\/div>\n\t\t\t\t\t\t\n\t\t\t<\/header><!-- .entry-header -->\n\n\t\t<div class=\"article-body-container\">\n\t\t\t\n\t\t\t\t\n\t\t\t\t\t\t\t\t\t<h3 class=\"wd-entities-title title post-title\">\n\t\t\t\t\t\t<a href=\"https:\/\/vertebromed.md\/ru\/pochemu-massazh-vazhen-dlya-organizma\/\" rel=\"bookmark\">\u041f\u043e\u0447\u0435\u043c\u0443 \u043c\u0430\u0441\u0441\u0430\u0436 \u0432\u0430\u0436\u0435\u043d \u0434\u043b\u044f \u043e\u0440\u0433\u0430\u043d\u0438\u0437\u043c\u0430<\/a>\n\t\t\t\t\t<\/h3>\n\t\t\t\t\n\t\t\t\t\t\t\t\n\t\t\t\t\t\t\t\n\t\t\t\t                    <div class=\"entry-content wd-entry-content\">\n\t\t\t\t\t\tMasajul: Efectul s\u0103u asupra corpului \u0219i beneficii pentru s\u0103n\u0103tate \n\t\t\t\t\tMasajul nu este doar o procedur\u0103 pl\u0103cut\u0103, ci \u0219i un instrument p...\n\t\t\t\t\t\t\t\t\t\t\t<\/div><!-- .entry-content -->\n\t\t\t\t\n\t\t\t\t\t\t\t\t\t\t\t\t\t\t<p class=\"read-more-section\">\n\t\t\t\t\t\t<a class=\"btn-read-more more-link\" href=\"https:\/\/vertebromed.md\/ru\/pochemu-massazh-vazhen-dlya-organizma\/\">Continue reading<\/a>\t\t\t\t\t<\/p>\n\t\t\t\t\t\t\t\t\t\t\t\n\t\t\t\n\t\t\t\t\t<\/div>\n\t<\/div>\n<\/article><!-- #post -->\n\n\n\t\t\t\t\n\t\t\t\t\t\t\t\t<\/div>\n\t\t\t\n\t\t\t\t\t\t\t\t\t\t<\/div>\n\t\t\t\t\t\t\t\t<\/div>\n\t\t\t\t<\/div>\n\t\t\t\t\t<\/div>\n\t\t<\/div>\n\t\t\t\t\t<\/div>\n\t\t<\/section>\n\t\t\t\t<\/div>","protected":false},"excerpt":{"rendered":"<p>07 iun. De ce masajul este important pentru organism Masajul: Efectul s\u0103u asupra corpului \u0219i beneficii pentru s\u0103n\u0103tate Masajul nu<\/p>","protected":false},"author":1,"featured_media":0,"parent":0,"menu_order":0,"comment_status":"closed","ping_status":"closed","template":"","meta":{"footnotes":""},"class_list":["post-97","page","type-page","status-publish","hentry"],"yoast_head":"<!-- This site is optimized with the Yoast SEO plugin v22.9 - https:\/\/yoast.com\/wordpress\/plugins\/seo\/ -->\n<title>Articole \u0219i nout\u0103\u021bi - Vertebromed<\/title>\n<meta name=\"robots\" content=\"index, follow, max-snippet:-1, max-image-preview:large, max-video-preview:-1\" \/>\n<link rel=\"canonical\" href=\"https:\/\/vertebromed.md\/ru\/stati-i-novosti\/\" \/>\n<meta property=\"og:locale\" content=\"ru_RU\" \/>\n<meta property=\"og:type\" content=\"article\" \/>\n<meta property=\"og:title\" content=\"Articole \u0219i nout\u0103\u021bi - Vertebromed\" \/>\n<meta property=\"og:description\" content=\"07 iun. De ce masajul este important pentru organism Masajul: Efectul s\u0103u asupra corpului \u0219i beneficii pentru s\u0103n\u0103tate Masajul nu\" \/>\n<meta property=\"og:url\" content=\"https:\/\/vertebromed.md\/ru\/stati-i-novosti\/\" \/>\n<meta property=\"og:site_name\" content=\"Vertebromed\" \/>\n<meta property=\"article:modified_time\" content=\"2024-08-16T07:50:00+00:00\" \/>\n<meta property=\"og:image\" content=\"https:\/\/vertebromed.md\/wp-content\/themes\/vertebromed\/images\/lazy.png\" \/>\n<meta name=\"twitter:card\" content=\"summary_large_image\" \/>\n<meta name=\"twitter:label1\" content=\"\u041f\u0440\u0438\u043c\u0435\u0440\u043d\u043e\u0435 \u0432\u0440\u0435\u043c\u044f \u0434\u043b\u044f \u0447\u0442\u0435\u043d\u0438\u044f\" \/>\n\t<meta name=\"twitter:data1\" content=\"1 \u043c\u0438\u043d\u0443\u0442\u0430\" \/>\n<script type=\"application\/ld+json\" class=\"yoast-schema-graph\">{\"@context\":\"https:\/\/schema.org\",\"@graph\":[{\"@type\":\"WebPage\",\"@id\":\"https:\/\/vertebromed.md\/articole-si-noutati\/\",\"url\":\"https:\/\/vertebromed.md\/articole-si-noutati\/\",\"name\":\"Articole \u0219i nout\u0103\u021bi - Vertebromed\",\"isPartOf\":{\"@id\":\"https:\/\/vertebromed.md\/#website\"},\"primaryImageOfPage\":{\"@id\":\"https:\/\/vertebromed.md\/articole-si-noutati\/#primaryimage\"},\"image\":{\"@id\":\"https:\/\/vertebromed.md\/articole-si-noutati\/#primaryimage\"},\"thumbnailUrl\":\"https:\/\/vertebromed.md\/wp-content\/themes\/vertebromed\/images\/lazy.png\",\"datePublished\":\"2024-06-07T11:35:26+00:00\",\"dateModified\":\"2024-08-16T07:50:00+00:00\",\"breadcrumb\":{\"@id\":\"https:\/\/vertebromed.md\/articole-si-noutati\/#breadcrumb\"},\"inLanguage\":\"ru-RU\",\"potentialAction\":[{\"@type\":\"ReadAction\",\"target\":[\"https:\/\/vertebromed.md\/articole-si-noutati\/\"]}]},{\"@type\":\"ImageObject\",\"inLanguage\":\"ru-RU\",\"@id\":\"https:\/\/vertebromed.md\/articole-si-noutati\/#primaryimage\",\"url\":\"https:\/\/vertebromed.md\/wp-content\/themes\/vertebromed\/images\/lazy.png\",\"contentUrl\":\"https:\/\/vertebromed.md\/wp-content\/themes\/vertebromed\/images\/lazy.png\"},{\"@type\":\"BreadcrumbList\",\"@id\":\"https:\/\/vertebromed.md\/articole-si-noutati\/#breadcrumb\",\"itemListElement\":[{\"@type\":\"ListItem\",\"position\":1,\"name\":\"Prima pagin\u0103\",\"item\":\"https:\/\/vertebromed.md\/\"},{\"@type\":\"ListItem\",\"position\":2,\"name\":\"Articole \u0219i nout\u0103\u021bi\"}]},{\"@type\":\"WebSite\",\"@id\":\"https:\/\/vertebromed.md\/#website\",\"url\":\"https:\/\/vertebromed.md\/\",\"name\":\"Vertebromed\",\"description\":\"\",\"publisher\":{\"@id\":\"https:\/\/vertebromed.md\/#organization\"},\"potentialAction\":[{\"@type\":\"SearchAction\",\"target\":{\"@type\":\"EntryPoint\",\"urlTemplate\":\"https:\/\/vertebromed.md\/?s={search_term_string}\"},\"query-input\":\"required name=search_term_string\"}],\"inLanguage\":\"ru-RU\"},{\"@type\":\"Organization\",\"@id\":\"https:\/\/vertebromed.md\/#organization\",\"name\":\"Vertebromed\",\"url\":\"https:\/\/vertebromed.md\/\",\"logo\":{\"@type\":\"ImageObject\",\"inLanguage\":\"ru-RU\",\"@id\":\"https:\/\/vertebromed.md\/#\/schema\/logo\/image\/\",\"url\":\"https:\/\/i0.wp.com\/vertebromed.md\/wp-content\/uploads\/2024\/06\/cropped-favicon.png?fit=512%2C512&ssl=1\",\"contentUrl\":\"https:\/\/i0.wp.com\/vertebromed.md\/wp-content\/uploads\/2024\/06\/cropped-favicon.png?fit=512%2C512&ssl=1\",\"width\":512,\"height\":512,\"caption\":\"Vertebromed\"},\"image\":{\"@id\":\"https:\/\/vertebromed.md\/#\/schema\/logo\/image\/\"}}]}<\/script>\n<!-- \/ Yoast SEO plugin. -->","yoast_head_json":{"title":"Articole \u0219i nout\u0103\u021bi - Vertebromed","robots":{"index":"index","follow":"follow","max-snippet":"max-snippet:-1","max-image-preview":"max-image-preview:large","max-video-preview":"max-video-preview:-1"},"canonical":"https:\/\/vertebromed.md\/ru\/stati-i-novosti\/","og_locale":"ru_RU","og_type":"article","og_title":"Articole \u0219i nout\u0103\u021bi - Vertebromed","og_description":"07 iun. De ce masajul este important pentru organism Masajul: Efectul s\u0103u asupra corpului \u0219i beneficii pentru s\u0103n\u0103tate Masajul nu","og_url":"https:\/\/vertebromed.md\/ru\/stati-i-novosti\/","og_site_name":"Vertebromed","article_modified_time":"2024-08-16T07:50:00+00:00","og_image":[{"url":"https:\/\/vertebromed.md\/wp-content\/themes\/vertebromed\/images\/lazy.png"}],"twitter_card":"summary_large_image","twitter_misc":{"\u041f\u0440\u0438\u043c\u0435\u0440\u043d\u043e\u0435 \u0432\u0440\u0435\u043c\u044f \u0434\u043b\u044f \u0447\u0442\u0435\u043d\u0438\u044f":"1 \u043c\u0438\u043d\u0443\u0442\u0430"},"schema":{"@context":"https:\/\/schema.org","@graph":[{"@type":"WebPage","@id":"https:\/\/vertebromed.md\/articole-si-noutati\/","url":"https:\/\/vertebromed.md\/articole-si-noutati\/","name":"Articole \u0219i nout\u0103\u021bi - Vertebromed","isPartOf":{"@id":"https:\/\/vertebromed.md\/#website"},"primaryImageOfPage":{"@id":"https:\/\/vertebromed.md\/articole-si-noutati\/#primaryimage"},"image":{"@id":"https:\/\/vertebromed.md\/articole-si-noutati\/#primaryimage"},"thumbnailUrl":"https:\/\/vertebromed.md\/wp-content\/themes\/vertebromed\/images\/lazy.png","datePublished":"2024-06-07T11:35:26+00:00","dateModified":"2024-08-16T07:50:00+00:00","breadcrumb":{"@id":"https:\/\/vertebromed.md\/articole-si-noutati\/#breadcrumb"},"inLanguage":"ru-RU","potentialAction":[{"@type":"ReadAction","target":["https:\/\/vertebromed.md\/articole-si-noutati\/"]}]},{"@type":"ImageObject","inLanguage":"ru-RU","@id":"https:\/\/vertebromed.md\/articole-si-noutati\/#primaryimage","url":"https:\/\/vertebromed.md\/wp-content\/themes\/vertebromed\/images\/lazy.png","contentUrl":"https:\/\/vertebromed.md\/wp-content\/themes\/vertebromed\/images\/lazy.png"},{"@type":"BreadcrumbList","@id":"https:\/\/vertebromed.md\/articole-si-noutati\/#breadcrumb","itemListElement":[{"@type":"ListItem","position":1,"name":"Prima pagin\u0103","item":"https:\/\/vertebromed.md\/"},{"@type":"ListItem","position":2,"name":"Articole \u0219i nout\u0103\u021bi"}]},{"@type":"WebSite","@id":"https:\/\/vertebromed.md\/#website","url":"https:\/\/vertebromed.md\/","name":"Vertebromed","description":"","publisher":{"@id":"https:\/\/vertebromed.md\/#organization"},"potentialAction":[{"@type":"SearchAction","target":{"@type":"EntryPoint","urlTemplate":"https:\/\/vertebromed.md\/?s={search_term_string}"},"query-input":"required name=search_term_string"}],"inLanguage":"ru-RU"},{"@type":"Organization","@id":"https:\/\/vertebromed.md\/#organization","name":"Vertebromed","url":"https:\/\/vertebromed.md\/","logo":{"@type":"ImageObject","inLanguage":"ru-RU","@id":"https:\/\/vertebromed.md\/#\/schema\/logo\/image\/","url":"https:\/\/i0.wp.com\/vertebromed.md\/wp-content\/uploads\/2024\/06\/cropped-favicon.png?fit=512%2C512&ssl=1","contentUrl":"https:\/\/i0.wp.com\/vertebromed.md\/wp-content\/uploads\/2024\/06\/cropped-favicon.png?fit=512%2C512&ssl=1","width":512,"height":512,"caption":"Vertebromed"},"image":{"@id":"https:\/\/vertebromed.md\/#\/schema\/logo\/image\/"}}]}},"jetpack_sharing_enabled":true,"_links":{"self":[{"href":"https:\/\/vertebromed.md\/ru\/wp-json\/wp\/v2\/pages\/97","targetHints":{"allow":["GET"]}}],"collection":[{"href":"https:\/\/vertebromed.md\/ru\/wp-json\/wp\/v2\/pages"}],"about":[{"href":"https:\/\/vertebromed.md\/ru\/wp-json\/wp\/v2\/types\/page"}],"author":[{"embeddable":true,"href":"https:\/\/vertebromed.md\/ru\/wp-json\/wp\/v2\/users\/1"}],"replies":[{"embeddable":true,"href":"https:\/\/vertebromed.md\/ru\/wp-json\/wp\/v2\/comments?post=97"}],"version-history":[{"count":0,"href":"https:\/\/vertebromed.md\/ru\/wp-json\/wp\/v2\/pages\/97\/revisions"}],"wp:attachment":[{"href":"https:\/\/vertebromed.md\/ru\/wp-json\/wp\/v2\/media?parent=97"}],"curies":[{"name":"wp","href":"https:\/\/api.w.org\/{rel}","templated":true}]}}